{"id":26,"date":"2018-03-17T23:28:00","date_gmt":"2018-03-17T22:28:00","guid":{"rendered":"http:\/\/www.quest-shop.de\/metalldetektorblog\/de\/?page_id=26"},"modified":"2018-03-17T23:28:23","modified_gmt":"2018-03-17T22:28:23","slug":"sondengaenger-in-deutschland","status":"publish","type":"page","link":"https:\/\/www.quest-shop.de\/metalldetektorblog\/de\/sondengaenger-in-deutschland\/","title":{"rendered":"Sondeng\u00e4nger in Deutschland"},"content":{"rendered":"<p>Das Sondengehen mit Metalldetektor ist eine Freizeitbesch&auml;ftigung, die immer mehr Menschen in ihren Bann zieht. Egal ob Jung oder Alt, die Suche nach verborgenen Sch&auml;tzen fasziniert jeden. Man mu&szlig; dazu nicht ins Ausland fahren, denn die Sch&auml;tze liegen hier vor unserer Haust&uuml;re. In Deutschland kann man \u00fcberall wertvolle Sch&auml;tze finden. <\/p>\n<p><H4>Ausr&uuml;stung zum Sondeln<\/H4>Wer erfolgreich sondeln will, ben&ouml;tigt eine gute Ausr&uuml;stung. Das wichtigste ist das Metallsuchger&auml;t, auch Metalldetektor oder Metallsonde genannt. Gute Markenger&auml;te (z.B. <a href=\"https:\/\/www.quest-shop.de\/shop.pl?product=show&#038;id=metqq20-a\">Quest Q20<\/a>) erh&auml;lt man bereits um 259 Euro. Diese Metallsonden k&ouml;nnen bereits vor dem Ausgraben erkennen welche Art von Metall im Boden liegt. Das spart viel Zeit, denn im Laufe der Jahrhunderte sind &uuml;berall unz&auml;hlige Eisenteile wie Hufn&auml;gel oder Hufeisen verloren gegangen. Diese will man nat&uuml;rlich nicht alle ausgraben.<\/p>\n<p><img decoding=\"async\" loading=\"lazy\" src=\"https:\/\/www.quest-shop.de\/metalldetektorblog\/de\/wp-content\/uploads\/2018\/03\/bunq20xpointer_metalldetektor_quest_q20_xpointer_b11-600x400.jpg\" alt=\"Quest Q20 mit Xpointer\" width=\"600\" height=\"400\" class=\"alignnone size-medium wp-image-52\" \/><\/p>\n<p><a href=\"https:\/\/www.quest-shop.de\/shop.pl?product=show&#038;id=bunq20xpointer-a\"><img decoding=\"async\" loading=\"lazy\" src=\"https:\/\/www.quest-shop.de\/metalldetektorblog\/de\/wp-content\/uploads\/2018\/03\/questbutton.jpg\" alt=\"Quest Metalldetektor kaufen\" width=\"283\" height=\"45\" class=\"alignnone size-full wp-image-49\" \/><br \/>\n<\/a><\/p>\n<p>Zudem ben&ouml;tigt man noch ein gutes Werkzeug um den Fund auszugraben. Hier empfiehlt sich eine kleine <a href=\"https:\/\/www.quest-shop.de\/shop.pl?product=show&#038;id=grahack-a\">Spitzhacke<\/a> f&uuml;r den Waldboden und einen <a href=\"https:\/\/www.quest-shop.de\/shop.pl?product=show&#038;id=graspat-a\">Klappspaten<\/a> f&uuml;r den Acker. Die Metalldetektoren sind so empfindlich, dass sie bereits kleinste M&uuml;nzen anzeigen. Leider sind diese winzigen Objekte dann sp&auml;ter nur schwer im Erdaushub zu entdecken, da sie Erdfarbe angenommen haben oder sich in einem Erdklumpen verstecken. Aus diesem Grund setzen die Profischatzsucher sogenannte <a href=\"https:\/\/www.quest-shop.de\/shop.pl?product=show&#038;id=pinxpoi-a\">Pinpointer<\/a> (dt. Punktorter) ein. Pinpointer sind kleine Handmetallsuchger&auml;te mit denen man direkt im Erdaushub herumr&uuml;sselt und daher das Fundobjekt sehr schnell aufsp&uuml;ren kann.<\/p>\n<p><H4>Wo findet man in Deutschland Sch&auml;tze?<\/H4>Sch&auml;tze kann man in Deutschland theoretisch &uuml;berall finden. Eine gute Anregung enth&auml;lt das Buch <a href=\"https:\/\/www.quest-shop.de\/schatzsucherhandbuch\">Metallsonde &#8211; Auf der Suche nach wertvollen Sch&auml;tzen<\/a>. In dem Buch werden dem angehenden Schatzsucher mehr als 30 Tipps f&uuml;r gute Fundstellen gegeben.<\/p>\n<p><H4>Kontakt zu Sondeng&auml;ngern in Deutschland<\/H4>Wenn Sie sich &uuml;ber das Hobby informieren m&ouml;chten und Kontakt zu anderen Sondeng&auml;ngern und Schatzsuchern suchen, so empfehlen wir Ihnen das <a href=\"https:\/\/www.schatzsucher.org\">Schatzsucherforum<\/a>. Dieses Forum ist mit &uuml;ber <B>3000 Lesern t&auml;glich<\/b> mit eines der zugriffst&auml;rksten Foren im deutschsprachigen Raum. Zus&auml;tzlich  k&ouml;nnen Sie auch bei  <a href=\"https:\/\/www.sondengaengerforum.de\">Sondengaengerforum.de<\/a> anmelden.<\/p>\n<p><H4>Rechtslage in Deutschland<\/H4>Metalldetektoren d\u00fcrfen in Deutschland verwendet werden. Ausgenommen sind Naturschutzgebiete und ausgewiesene arch\u00e4ologische Ausgrabungsst\u00e4tten.<\/p>\n","protected":false},"excerpt":{"rendered":"<p>Das Sondengehen mit Metalldetektor ist eine Freizeitbesch&auml;ftigung, die immer mehr Menschen in ihren Bann zieht. Egal ob Jung oder Alt, die Suche nach verborgenen Sch&auml;tzen fasziniert jeden. Man mu&szlig; dazu nicht ins Ausland fahren, denn die Sch&auml;tze liegen hier vor unserer Haust&uuml;re. In Deutschland kann man \u00fcberall wertvolle Sch&auml;tze finden. Ausr&uuml;stung zum SondelnWer erfolgreich sondeln will, ben&ouml;tigt eine gute Ausr&uuml;stung. Das wichtigste ist das Metallsuchger&auml;t, auch Metalldetektor oder Metallsonde genannt. Gute Markenger&auml;te (z.B. Quest Q20) erh&auml;lt man bereits um 259 Euro. Diese Metallsonden k&ouml;nnen bereits vor dem Ausgraben erkennen welche Art von Metall im Boden liegt. Das spart viel Zeit,\u2026<\/p>\n<p class=\"continue-reading-button\"> <a class=\"continue-reading-link\" href=\"https:\/\/www.quest-shop.de\/metalldetektorblog\/de\/sondengaenger-in-deutschland\/\">Weiterlesen&#8230;<i class=\"crycon-right-dir\"><\/i><\/a><\/p>\n","protected":false},"author":1,"featured_media":0,"parent":0,"menu_order":0,"comment_status":"closed","ping_status":"closed","template":"","meta":[],"_links":{"self":[{"href":"https:\/\/www.quest-shop.de\/metalldetektorblog\/de\/wp-json\/wp\/v2\/pages\/26"}],"collection":[{"href":"https:\/\/www.quest-shop.de\/metalldetektorblog\/de\/wp-json\/wp\/v2\/pages"}],"about":[{"href":"https:\/\/www.quest-shop.de\/metalldetektorblog\/de\/wp-json\/wp\/v2\/types\/page"}],"author":[{"embeddable":true,"href":"https:\/\/www.quest-shop.de\/metalldetektorblog\/de\/wp-json\/wp\/v2\/users\/1"}],"replies":[{"embeddable":true,"href":"https:\/\/www.quest-shop.de\/metalldetektorblog\/de\/wp-json\/wp\/v2\/comments?post=26"}],"version-history":[{"count":2,"href":"https:\/\/www.quest-shop.de\/metalldetektorblog\/de\/wp-json\/wp\/v2\/pages\/26\/revisions"}],"predecessor-version":[{"id":28,"href":"https:\/\/www.quest-shop.de\/metalldetektorblog\/de\/wp-json\/wp\/v2\/pages\/26\/revisions\/28"}],"wp:attachment":[{"href":"https:\/\/www.quest-shop.de\/metalldetektorblog\/de\/wp-json\/wp\/v2\/media?parent=26"}],"curies":[{"name":"wp","href":"https:\/\/api.w.org\/{rel}","templated":true}]}}